{"id":991,"date":"2019-10-05T17:28:59","date_gmt":"2019-10-05T17:28:59","guid":{"rendered":"https:\/\/danielledumas.com\/a-propos\/"},"modified":"2019-11-03T21:03:20","modified_gmt":"2019-11-03T21:03:20","slug":"a-propos","status":"publish","type":"page","link":"https:\/\/danielledumas.com\/fr\/a-propos\/","title":{"rendered":"A Propos"},"content":{"rendered":"\t\t<div data-elementor-type=\"wp-post\" data-elementor-id=\"991\" class=\"elementor elementor-991 elementor-269\">\n\t\t\t\t\t\t<section class=\"elementor-section elementor-top-section elementor-element elementor-element-31560afe elementor-section-boxed elementor-section-height-default elementor-section-height-default\" data-id=\"31560afe\" data-element_type=\"section\" data-e-type=\"section\">\n\t\t\t\t\t\t<div class=\"elementor-container elementor-column-gap-default\">\n\t\t\t\t\t<div class=\"elementor-column elementor-col-100 elementor-top-column elementor-element elementor-element-8ac59e9\" data-id=\"8ac59e9\" data-element_type=\"column\" data-e-type=\"column\">\n\t\t\t<div class=\"elementor-widget-wrap elementor-element-populated\">\n\t\t\t\t\t\t<div class=\"elementor-element elementor-element-7eff3d91 elementor-invisible elementor-widget elementor-widget-heading\" data-id=\"7eff3d91\" data-element_type=\"widget\" data-e-type=\"widget\" data-settings=\"{&quot;_animation&quot;:&quot;fadeInUp&quot;}\" data-widget_type=\"heading.default\">\n\t\t\t\t<div class=\"elementor-widget-container\">\n\t\t\t\t\t<h2 class=\"elementor-heading-title elementor-size-default\"><a href=\"https:\/\/danielledumas.com\/fr\/oeuvres\/?lang=fr\">A PROPOS<\/a><\/h2>\t\t\t\t<\/div>\n\t\t\t\t<\/div>\n\t\t\t\t\t<\/div>\n\t\t<\/div>\n\t\t\t\t\t<\/div>\n\t\t<\/section>\n\t\t\t\t<section class=\"elementor-section elementor-top-section elementor-element elementor-element-26bcfe80 elementor-section-content-bottom elementor-section-boxed elementor-section-height-default elementor-section-height-default\" data-id=\"26bcfe80\" data-element_type=\"section\" data-e-type=\"section\" data-settings=\"{&quot;background_background&quot;:&quot;classic&quot;}\">\n\t\t\t\t\t\t<div class=\"elementor-container elementor-column-gap-default\">\n\t\t\t\t\t<div class=\"elementor-column elementor-col-50 elementor-top-column elementor-element elementor-element-50ed0e18\" data-id=\"50ed0e18\" data-element_type=\"column\" data-e-type=\"column\" data-settings=\"{&quot;background_background&quot;:&quot;classic&quot;}\">\n\t\t\t<div class=\"elementor-widget-wrap elementor-element-populated\">\n\t\t\t\t\t\t<div class=\"elementor-element elementor-element-4959d25a elementor-widget elementor-widget-text-editor\" data-id=\"4959d25a\" data-element_type=\"widget\" data-e-type=\"widget\" data-widget_type=\"text-editor.default\">\n\t\t\t\t<div class=\"elementor-widget-container\">\n\t\t\t\t\t\t\t\t\t<p>J&rsquo;ai toujours beaucoup dessin\u00e9 dans mon enfance: j&rsquo;ai dessin\u00e9 des personnes, des visages et des personnages de bandes dessin\u00e9es entre autres. Je passais chaque week-end \u00e0 dessiner avec des craies de pastel \u00e0 l&rsquo;huile sur quatre grands cartons que j&rsquo;avais coll\u00e9s ensemble pour former un panneau de six pieds sur quatre afin de pouvoir r\u00e9aliser une grande \u0153uvre d&rsquo;art. Une fois termin\u00e9, je le roulais et l\u2019apportais \u00e0 l\u2019\u00e9cole le lundi matin pour le montrer \u00e0 ma classe. Je ne peux pas m&#8217;emp\u00eacher de cr\u00e9er quelque chose de visuel. J&rsquo;aime aussi peindre sur des planches en bois car je peux dessiner, peindre, gratter ou poncer afin de pouvoir cr\u00e9er mes propres textures. La toile a une texture pr\u00e9d\u00e9termin\u00e9e que j&rsquo;aime aussi, mais il est souvent tr\u00e8s agr\u00e9able d&rsquo;avoir une surface lisse et propre et de cr\u00e9er cette texture moi-m\u00eame.&nbsp;<\/p>\n\t\t\t\t\t\t\t\t<\/div>\n\t\t\t\t<\/div>\n\t\t\t\t\t<\/div>\n\t\t<\/div>\n\t\t\t\t<div class=\"elementor-column elementor-col-50 elementor-top-column elementor-element elementor-element-395c16df\" data-id=\"395c16df\" data-element_type=\"column\" data-e-type=\"column\">\n\t\t\t<div class=\"elementor-widget-wrap\">\n\t\t\t\t\t\t\t<\/div>\n\t\t<\/div>\n\t\t\t\t\t<\/div>\n\t\t<\/section>\n\t\t\t\t<section class=\"elementor-section elementor-top-section elementor-element elementor-element-fa492a2 elementor-section-boxed elementor-section-height-default elementor-section-height-default\" data-id=\"fa492a2\" data-element_type=\"section\" data-e-type=\"section\">\n\t\t\t\t\t\t<div class=\"elementor-container elementor-column-gap-default\">\n\t\t\t\t\t<div class=\"elementor-column elementor-col-100 elementor-top-column elementor-element elementor-element-63fdaa2\" data-id=\"63fdaa2\" data-element_type=\"column\" data-e-type=\"column\">\n\t\t\t<div class=\"elementor-widget-wrap elementor-element-populated\">\n\t\t\t\t\t\t<div class=\"elementor-element elementor-element-7041cff elementor-widget elementor-widget-text-editor\" data-id=\"7041cff\" data-element_type=\"widget\" data-e-type=\"widget\" data-widget_type=\"text-editor.default\">\n\t\t\t\t<div class=\"elementor-widget-container\">\n\t\t\t\t\t\t\t\t\t<p>EXPOSITIONS<\/p>\n\t\t\t\t\t\t\t\t<\/div>\n\t\t\t\t<\/div>\n\t\t\t\t<div class=\"elementor-element elementor-element-77b5add elementor-widget elementor-widget-text-editor\" data-id=\"77b5add\" data-element_type=\"widget\" data-e-type=\"widget\" data-widget_type=\"text-editor.default\">\n\t\t\t\t<div class=\"elementor-widget-container\">\n\t\t\t\t\t\t\t\t\t<p>2008   Exposition  \u201cL\u2019Art pour Vaincre\u201d \/ Gatineau (Hull)<br \/>\n2009   Exposition  \u201cL\u2019Art pour Vaincre\u201d \/ Gatineau (Hull)<br \/>\n2009   Centre de Conf\u00e9rence du Canada \/ Ottawa<br \/>\n2009   Exposition \u201cHomo Urbanus\u201d \/ Gatineau (Aylmer)<br \/>\n2009   Exposition \u201cCanvas in colour\u201d \/ Ottawa<br \/>\n2010   Symposium \u201cPlaines Couleurs\u201d \/ Qu\u00e9bec, Qu\u00e9bec<br \/>\n2010   Galerie \u201c\u00c0 l\u2019Amont du Temps\u201d \/ Mont\u00e9bello<br \/>\n2010   Centre de Conf\u00e9rence du Canada  \/ Ottawa<br \/>\n2011   Centre Communautaire de Richelieu-Vanier \/ Ottawa<br \/>\n2011   Centre de Conf\u00e9rence du Canada  \/ Ottawa<br \/>\n2012   Exposition \u201cImages sur Toile\u201d \/ Gatineau (Hull)<br \/>\n2012   Centre Communautaire de Richelieu-Vanier \/ Ottawa<br \/>\n2012   Centre de Conf\u00e9rence du Canada  \/ Ottawa<br \/>\n2014   Centre Communautaire de Richelieu-Vanier \/ Ottawa<br \/>\n2014   Centre de Conf\u00e9rence du Canada  \/ Ottawa<br \/>\n2014   Baz&rsquo;Art \/ Centre des arts Shenkman \/ Ottawa<br \/>\n2015   Centre Communautaire de Richelieu-Vanier \/ Ottawa<br \/>\n2015   Baz&rsquo;Art \/ Centre des arts Shenkman \/ Ottawa<br \/>\n2016   Centre Communautaire de Richelieu-Vanier \/ Ottawa<br \/>\n2016   Baz&rsquo;Art \/ Centre des arts Shenkman \/ Ottawa<br \/>\n2016   Centre des arts Shenkman \/ Trinity Art Gallery \/ Salon A \/ Ottawa<br \/>\n2017   Centre des arts Shenkman  \/ Trinity Art Gallery \/ Salon A \/ Ottawa<br \/>\n2017   Centre Communautaire de Richelieu-Vanier \/ Ottawa<br \/>\n2017   Applecrate Gallery \/ Manotik<br \/>\n2018   The New Art Festival \/ Ottawa<br \/>\n2018   Galerie Old Chelsea \/ Old Chelsea<br \/>\n2019   Centre Communautaire de Richelieu-Vanier \/ Ottawa<br \/>\n2019   Centre des arts Shenkman \/ Trinity Art Gallery \/ Salon A \/ Ottawa<\/p>\n\t\t\t\t\t\t\t\t<\/div>\n\t\t\t\t<\/div>\n\t\t\t\t\t<\/div>\n\t\t<\/div>\n\t\t\t\t\t<\/div>\n\t\t<\/section>\n\t\t\t\t<\/div>\n\t\t","protected":false},"excerpt":{"rendered":"<p>A PROPOS J&rsquo;ai toujours beaucoup dessin\u00e9 dans mon enfance: j&rsquo;ai dessin\u00e9 des personnes, des visages et des personnages de bandes dessin\u00e9es entre autres. Je passais chaque week-end \u00e0 dessiner avec des craies de pastel \u00e0 l&rsquo;huile sur quatre grands cartons que j&rsquo;avais coll\u00e9s ensemble pour former un panneau de six pieds sur quatre afin de [&hellip;]<\/p>\n","protected":false},"author":1,"featured_media":0,"parent":0,"menu_order":0,"comment_status":"closed","ping_status":"closed","template":"elementor_header_footer","meta":{"_uag_custom_page_level_css":"","site-sidebar-layout":"default","site-content-layout":"default","ast-site-content-layout":"default","site-content-style":"default","site-sidebar-style":"default","ast-global-header-display":"","ast-banner-title-visibility":"","ast-main-header-display":"","ast-hfb-above-header-display":"","ast-hfb-below-header-display":"","ast-hfb-mobile-header-display":"","site-post-title":"","ast-breadcrumbs-content":"","ast-featured-img":"","footer-sml-layout":"","ast-disable-related-posts":"","theme-transparent-header-meta":"default","adv-header-id-meta":"","stick-header-meta":"default","header-above-stick-meta":"","header-main-stick-meta":"","header-below-stick-meta":"","astra-migrate-meta-layouts":"default","ast-page-background-enabled":"default","ast-page-background-meta":{"desktop":{"background-color":"","background-image":"","background-repeat":"repeat","background-position":"center center","background-size":"auto","background-attachment":"scroll","background-type":"","background-media":"","overlay-type":"","overlay-color":"","overlay-opacity":"","overlay-gradient":""},"tablet":{"background-color":"","background-image":"","background-repeat":"repeat","background-position":"center center","background-size":"auto","background-attachment":"scroll","background-type":"","background-media":"","overlay-type":"","overlay-color":"","overlay-opacity":"","overlay-gradient":""},"mobile":{"background-color":"","background-image":"","background-repeat":"repeat","background-position":"center center","background-size":"auto","background-attachment":"scroll","background-type":"","background-media":"","overlay-type":"","overlay-color":"","overlay-opacity":"","overlay-gradient":""}},"ast-content-background-meta":{"desktop":{"background-color":"var(--ast-global-color-5)","background-image":"","background-repeat":"repeat","background-position":"center center","background-size":"auto","background-attachment":"scroll","background-type":"","background-media":"","overlay-type":"","overlay-color":"","overlay-opacity":"","overlay-gradient":""},"tablet":{"background-color":"var(--ast-global-color-5)","background-image":"","background-repeat":"repeat","background-position":"center center","background-size":"auto","background-attachment":"scroll","background-type":"","background-media":"","overlay-type":"","overlay-color":"","overlay-opacity":"","overlay-gradient":""},"mobile":{"background-color":"var(--ast-global-color-5)","background-image":"","background-repeat":"repeat","background-position":"center center","background-size":"auto","background-attachment":"scroll","background-type":"","background-media":"","overlay-type":"","overlay-color":"","overlay-opacity":"","overlay-gradient":""}},"ngg_post_thumbnail":0,"footnotes":""},"class_list":["post-991","page","type-page","status-publish","hentry"],"uagb_featured_image_src":{"full":false,"thumbnail":false,"medium":false,"medium_large":false,"large":false,"1536x1536":false,"2048x2048":false},"uagb_author_info":{"display_name":"Dan02","author_link":"https:\/\/danielledumas.com\/fr\/author\/dan02\/"},"uagb_comment_info":0,"uagb_excerpt":"A PROPOS J&rsquo;ai toujours beaucoup dessin\u00e9 dans mon enfance: j&rsquo;ai dessin\u00e9 des personnes, des visages et des personnages de bandes dessin\u00e9es entre autres. Je passais chaque week-end \u00e0 dessiner avec des craies de pastel \u00e0 l&rsquo;huile sur quatre grands cartons que j&rsquo;avais coll\u00e9s ensemble pour former un panneau de six pieds sur quatre afin de\u2026","_links":{"self":[{"href":"https:\/\/danielledumas.com\/fr\/wp-json\/wp\/v2\/pages\/991","targetHints":{"allow":["GET"]}}],"collection":[{"href":"https:\/\/danielledumas.com\/fr\/wp-json\/wp\/v2\/pages"}],"about":[{"href":"https:\/\/danielledumas.com\/fr\/wp-json\/wp\/v2\/types\/page"}],"author":[{"embeddable":true,"href":"https:\/\/danielledumas.com\/fr\/wp-json\/wp\/v2\/users\/1"}],"replies":[{"embeddable":true,"href":"https:\/\/danielledumas.com\/fr\/wp-json\/wp\/v2\/comments?post=991"}],"version-history":[{"count":19,"href":"https:\/\/danielledumas.com\/fr\/wp-json\/wp\/v2\/pages\/991\/revisions"}],"predecessor-version":[{"id":1323,"href":"https:\/\/danielledumas.com\/fr\/wp-json\/wp\/v2\/pages\/991\/revisions\/1323"}],"wp:attachment":[{"href":"https:\/\/danielledumas.com\/fr\/wp-json\/wp\/v2\/media?parent=991"}],"curies":[{"name":"wp","href":"https:\/\/api.w.org\/{rel}","templated":true}]}}