{"id":1046,"date":"2019-10-05T20:35:36","date_gmt":"2019-10-05T20:35:36","guid":{"rendered":"https:\/\/danielledumas.com\/oeuvres\/"},"modified":"2019-10-15T21:22:59","modified_gmt":"2019-10-15T21:22:59","slug":"oeuvres","status":"publish","type":"page","link":"https:\/\/danielledumas.com\/fr\/oeuvres\/","title":{"rendered":"OEUVRES"},"content":{"rendered":"\t\t<div data-elementor-type=\"wp-post\" data-elementor-id=\"1046\" class=\"elementor elementor-1046 elementor-468\">\n\t\t\t\t\t\t<section class=\"elementor-section elementor-top-section elementor-element elementor-element-71a6a1d2 elementor-section-content-middle elementor-section-height-full elementor-section-boxed elementor-section-height-default elementor-section-items-middle\" data-id=\"71a6a1d2\" data-element_type=\"section\" data-e-type=\"section\" data-settings=\"{&quot;background_background&quot;:&quot;classic&quot;}\">\n\t\t\t\t\t\t\t<div class=\"elementor-background-overlay\"><\/div>\n\t\t\t\t\t\t\t<div class=\"elementor-container elementor-column-gap-no\">\n\t\t\t\t\t<div class=\"elementor-column elementor-col-20 elementor-top-column elementor-element elementor-element-71ff2c30\" data-id=\"71ff2c30\" data-element_type=\"column\" data-e-type=\"column\">\n\t\t\t<div class=\"elementor-widget-wrap elementor-element-populated\">\n\t\t\t\t\t\t<div class=\"elementor-element elementor-element-52f0f204 elementor-widget elementor-widget-heading\" data-id=\"52f0f204\" data-element_type=\"widget\" data-e-type=\"widget\" data-widget_type=\"heading.default\">\n\t\t\t\t<div class=\"elementor-widget-container\">\n\t\t\t\t\t<h3 class=\"elementor-heading-title elementor-size-default\">OEUVRES<\/h3>\t\t\t\t<\/div>\n\t\t\t\t<\/div>\n\t\t\t\t<div class=\"elementor-element elementor-element-70a5a78c elementor-widget elementor-widget-image\" data-id=\"70a5a78c\" data-element_type=\"widget\" data-e-type=\"widget\" data-widget_type=\"image.default\">\n\t\t\t\t<div class=\"elementor-widget-container\">\n\t\t\t\t\t\t\t\t\t\t\t\t\t\t\t\t<a href=\"https:\/\/danielledumas.com\/fr\/abstrait\/\">\n\t\t\t\t\t\t\t<img fetchpriority=\"high\" decoding=\"async\" width=\"257\" height=\"300\" src=\"https:\/\/danielledumas.com\/wp-content\/uploads\/2019\/09\/2019-06-28_2-2AbstractIcon-257x300.jpg\" class=\"elementor-animation-grow attachment-medium size-medium wp-image-970\" alt=\"\" srcset=\"https:\/\/danielledumas.com\/wp-content\/uploads\/2019\/09\/2019-06-28_2-2AbstractIcon-257x300.jpg 257w, https:\/\/danielledumas.com\/wp-content\/uploads\/2019\/09\/2019-06-28_2-2AbstractIcon.jpg 600w\" sizes=\"(max-width: 257px) 100vw, 257px\" \/>\t\t\t\t\t\t\t\t<\/a>\n\t\t\t\t\t\t\t\t\t\t\t\t\t\t\t<\/div>\n\t\t\t\t<\/div>\n\t\t\t\t<div class=\"elementor-element elementor-element-c95593f elementor-widget elementor-widget-text-editor\" data-id=\"c95593f\" data-element_type=\"widget\" data-e-type=\"widget\" data-widget_type=\"text-editor.default\">\n\t\t\t\t<div class=\"elementor-widget-container\">\n\t\t\t\t\t\t\t\t\t<p>ABSTRAITS<\/p>\n\t\t\t\t\t\t\t\t<\/div>\n\t\t\t\t<\/div>\n\t\t\t\t<div class=\"elementor-element elementor-element-43f0650 elementor-widget elementor-widget-text-editor\" data-id=\"43f0650\" data-element_type=\"widget\" data-e-type=\"widget\" data-widget_type=\"text-editor.default\">\n\t\t\t\t<div class=\"elementor-widget-container\">\n\t\t\t\t\t\t\t\t\t<p>En tant qu&rsquo;artiste visuel, j&rsquo;ai explor\u00e9 divers m\u00e9diums et techniques. Le processus de peinture abstraite cr\u00e9e un dialogue stimulant entre sa surface et notre subconscient qui peut \u00eatre tr\u00e8s fort et d\u00e9concertant. Il y a en quelque sorte un d\u00e9licieux \u00e9l\u00e9ment de surprise lorsque l&rsquo;ensemble de l&rsquo;\u0153uvre atteint son \u00e9volution finale.<\/p>\n\t\t\t\t\t\t\t\t<\/div>\n\t\t\t\t<\/div>\n\t\t\t\t\t<\/div>\n\t\t<\/div>\n\t\t\t\t<div class=\"elementor-column elementor-col-20 elementor-top-column elementor-element elementor-element-78d620aa\" data-id=\"78d620aa\" data-element_type=\"column\" data-e-type=\"column\">\n\t\t\t<div class=\"elementor-widget-wrap elementor-element-populated\">\n\t\t\t\t\t\t<div class=\"elementor-element elementor-element-7c022a59 elementor-widget elementor-widget-image\" data-id=\"7c022a59\" data-element_type=\"widget\" data-e-type=\"widget\" data-widget_type=\"image.default\">\n\t\t\t\t<div class=\"elementor-widget-container\">\n\t\t\t\t\t\t\t\t\t\t\t\t\t\t\t\t<a href=\"https:\/\/danielledumas.com\/fr\/urbanite\/\">\n\t\t\t\t\t\t\t<img decoding=\"async\" width=\"600\" height=\"700\" src=\"https:\/\/danielledumas.com\/wp-content\/uploads\/2019\/09\/2018-05-23_2952-EditIcon.jpg\" class=\"elementor-animation-grow attachment-large size-large wp-image-971\" alt=\"\" srcset=\"https:\/\/danielledumas.com\/wp-content\/uploads\/2019\/09\/2018-05-23_2952-EditIcon.jpg 600w, https:\/\/danielledumas.com\/wp-content\/uploads\/2019\/09\/2018-05-23_2952-EditIcon-257x300.jpg 257w\" sizes=\"(max-width: 600px) 100vw, 600px\" \/>\t\t\t\t\t\t\t\t<\/a>\n\t\t\t\t\t\t\t\t\t\t\t\t\t\t\t<\/div>\n\t\t\t\t<\/div>\n\t\t\t\t<div class=\"elementor-element elementor-element-00b8889 elementor-widget elementor-widget-text-editor\" data-id=\"00b8889\" data-element_type=\"widget\" data-e-type=\"widget\" data-widget_type=\"text-editor.default\">\n\t\t\t\t<div class=\"elementor-widget-container\">\n\t\t\t\t\t\t\t\t\t<p>URBAN*IT\u00c9<\/p>\n\t\t\t\t\t\t\t\t<\/div>\n\t\t\t\t<\/div>\n\t\t\t\t<div class=\"elementor-element elementor-element-5a02052 elementor-widget elementor-widget-text-editor\" data-id=\"5a02052\" data-element_type=\"widget\" data-e-type=\"widget\" data-widget_type=\"text-editor.default\">\n\t\t\t\t<div class=\"elementor-widget-container\">\n\t\t\t\t\t\t\t\t\t<p>Mes peintures \u00ab\u00a0 URBAN * IT\u00c9\u00ab\u00a0 sont cr\u00e9\u00e9es \u00e0 partir de nombreuses photos mais leur caract\u00e8re incomplet m\u2019incite \u00e0 rappeler ce que je me souviens \u00eatre important pour la sc\u00e8ne et \u00e0 revivre mes souvenirs et les \u00e9motions que j\u2019ai ressenties \u00e0 l\u2019\u00e9poque. Je transforme ma vision en peintures audacieuses et color\u00e9es gr\u00e2ce \u00e0 mon style de peinture moderne et unique.<\/p>\n\t\t\t\t\t\t\t\t<\/div>\n\t\t\t\t<\/div>\n\t\t\t\t\t<\/div>\n\t\t<\/div>\n\t\t\t\t<div class=\"elementor-column elementor-col-20 elementor-top-column elementor-element elementor-element-cd41ee7\" data-id=\"cd41ee7\" data-element_type=\"column\" data-e-type=\"column\">\n\t\t\t<div class=\"elementor-widget-wrap elementor-element-populated\">\n\t\t\t\t\t\t<div class=\"elementor-element elementor-element-38d2884 elementor-widget elementor-widget-image\" data-id=\"38d2884\" data-element_type=\"widget\" data-e-type=\"widget\" data-widget_type=\"image.default\">\n\t\t\t\t<div class=\"elementor-widget-container\">\n\t\t\t\t\t\t\t\t\t\t\t\t\t\t\t\t<a href=\"https:\/\/danielledumas.com\/fr\/nature\">\n\t\t\t\t\t\t\t<img decoding=\"async\" width=\"600\" height=\"700\" src=\"https:\/\/danielledumas.com\/wp-content\/uploads\/2019\/09\/2017-03-02_5626-Edit-PaysageIcon.jpg\" class=\"elementor-animation-grow attachment-large size-large wp-image-967\" alt=\"\" srcset=\"https:\/\/danielledumas.com\/wp-content\/uploads\/2019\/09\/2017-03-02_5626-Edit-PaysageIcon.jpg 600w, https:\/\/danielledumas.com\/wp-content\/uploads\/2019\/09\/2017-03-02_5626-Edit-PaysageIcon-257x300.jpg 257w\" sizes=\"(max-width: 600px) 100vw, 600px\" \/>\t\t\t\t\t\t\t\t<\/a>\n\t\t\t\t\t\t\t\t\t\t\t\t\t\t\t<\/div>\n\t\t\t\t<\/div>\n\t\t\t\t<div class=\"elementor-element elementor-element-defe676 elementor-widget elementor-widget-text-editor\" data-id=\"defe676\" data-element_type=\"widget\" data-e-type=\"widget\" data-widget_type=\"text-editor.default\">\n\t\t\t\t<div class=\"elementor-widget-container\">\n\t\t\t\t\t\t\t\t\t<p>NATURE<\/p>\n\t\t\t\t\t\t\t\t<\/div>\n\t\t\t\t<\/div>\n\t\t\t\t<div class=\"elementor-element elementor-element-3a48844 elementor-widget elementor-widget-text-editor\" data-id=\"3a48844\" data-element_type=\"widget\" data-e-type=\"widget\" data-widget_type=\"text-editor.default\">\n\t\t\t\t<div class=\"elementor-widget-container\">\n\t\t\t\t\t\t\t\t\t<p>Sur ma toile, impr\u00e9gn\u00e9e de la m\u00e9moire et des \u00e9motions que j&rsquo;ai ressenties lors de la sc\u00e8ne, j&rsquo;essaie de recr\u00e9er l&rsquo;ambiance en utilisant des couleurs et des textures qui s&rsquo;entrechoquent pour souligner ma passion pour sa beaut\u00e9 naturelle. Chaque tableau est un souvenir pr\u00e9cieux, inspir\u00e9 et exhal\u00e9 d&rsquo;art, partageant avec d&rsquo;autres mon amour de la nature.<\/p>\n\t\t\t\t\t\t\t\t<\/div>\n\t\t\t\t<\/div>\n\t\t\t\t\t<\/div>\n\t\t<\/div>\n\t\t\t\t<div class=\"elementor-column elementor-col-20 elementor-top-column elementor-element elementor-element-24dfa052\" data-id=\"24dfa052\" data-element_type=\"column\" data-e-type=\"column\">\n\t\t\t<div class=\"elementor-widget-wrap elementor-element-populated\">\n\t\t\t\t\t\t<div class=\"elementor-element elementor-element-185e487f elementor-widget elementor-widget-image\" data-id=\"185e487f\" data-element_type=\"widget\" data-e-type=\"widget\" data-widget_type=\"image.default\">\n\t\t\t\t<div class=\"elementor-widget-container\">\n\t\t\t\t\t\t\t\t\t\t\t\t\t\t\t\t<a href=\"https:\/\/danielledumas.com\/fr\/personnes\">\n\t\t\t\t\t\t\t<img loading=\"lazy\" decoding=\"async\" width=\"600\" height=\"700\" src=\"https:\/\/danielledumas.com\/wp-content\/uploads\/2019\/09\/2016-06-27_2004-EditIcon.jpg\" class=\"elementor-animation-grow attachment-large size-large wp-image-972\" alt=\"\" srcset=\"https:\/\/danielledumas.com\/wp-content\/uploads\/2019\/09\/2016-06-27_2004-EditIcon.jpg 600w, https:\/\/danielledumas.com\/wp-content\/uploads\/2019\/09\/2016-06-27_2004-EditIcon-257x300.jpg 257w\" sizes=\"(max-width: 600px) 100vw, 600px\" \/>\t\t\t\t\t\t\t\t<\/a>\n\t\t\t\t\t\t\t\t\t\t\t\t\t\t\t<\/div>\n\t\t\t\t<\/div>\n\t\t\t\t<div class=\"elementor-element elementor-element-3d47f90 elementor-widget elementor-widget-text-editor\" data-id=\"3d47f90\" data-element_type=\"widget\" data-e-type=\"widget\" data-widget_type=\"text-editor.default\">\n\t\t\t\t<div class=\"elementor-widget-container\">\n\t\t\t\t\t\t\t\t\t<p>PERSONNES<\/p>\n\t\t\t\t\t\t\t\t<\/div>\n\t\t\t\t<\/div>\n\t\t\t\t<div class=\"elementor-element elementor-element-85d171c elementor-widget elementor-widget-text-editor\" data-id=\"85d171c\" data-element_type=\"widget\" data-e-type=\"widget\" data-widget_type=\"text-editor.default\">\n\t\t\t\t<div class=\"elementor-widget-container\">\n\t\t\t\t\t\t\t\t\t<p>Les gens ont toujours \u00e9t\u00e9 un sujet des plus fascinants \u00e0 explorer. Leur environnement, leur humeur et le simple fait d&rsquo;essayer de mettre sur la toile une parcelle de ce qu&rsquo;ils vivent \u00e0 ce moment pr\u00e9cis sont un d\u00e9fi stimulant. J&rsquo;appr\u00e9cie toujours ma recherche de techniques et de styles divers, illustrant la vie comme une aventure profonde.<\/p>\n\t\t\t\t\t\t\t\t<\/div>\n\t\t\t\t<\/div>\n\t\t\t\t\t<\/div>\n\t\t<\/div>\n\t\t\t\t<div class=\"elementor-column elementor-col-20 elementor-top-column elementor-element elementor-element-89eeffd\" data-id=\"89eeffd\" data-element_type=\"column\" data-e-type=\"column\">\n\t\t\t<div class=\"elementor-widget-wrap elementor-element-populated\">\n\t\t\t\t\t\t<div class=\"elementor-element elementor-element-229312d elementor-widget elementor-widget-image\" data-id=\"229312d\" data-element_type=\"widget\" data-e-type=\"widget\" data-widget_type=\"image.default\">\n\t\t\t\t<div class=\"elementor-widget-container\">\n\t\t\t\t\t\t\t\t\t\t\t\t\t\t\t\t<a href=\"https:\/\/danielledumas.com\/fr\/commission\">\n\t\t\t\t\t\t\t<img loading=\"lazy\" decoding=\"async\" width=\"685\" height=\"874\" src=\"https:\/\/danielledumas.com\/wp-content\/uploads\/2019\/09\/Cobain2009.jpg\" class=\"elementor-animation-grow attachment-large size-large wp-image-981\" alt=\"\" srcset=\"https:\/\/danielledumas.com\/wp-content\/uploads\/2019\/09\/Cobain2009.jpg 685w, https:\/\/danielledumas.com\/wp-content\/uploads\/2019\/09\/Cobain2009-235x300.jpg 235w\" sizes=\"(max-width: 685px) 100vw, 685px\" \/>\t\t\t\t\t\t\t\t<\/a>\n\t\t\t\t\t\t\t\t\t\t\t\t\t\t\t<\/div>\n\t\t\t\t<\/div>\n\t\t\t\t<div class=\"elementor-element elementor-element-adb1605 elementor-widget elementor-widget-text-editor\" data-id=\"adb1605\" data-element_type=\"widget\" data-e-type=\"widget\" data-widget_type=\"text-editor.default\">\n\t\t\t\t<div class=\"elementor-widget-container\">\n\t\t\t\t\t\t\t\t\t<p>COMMANDES<\/p>\t\t\t\t\t\t\t\t<\/div>\n\t\t\t\t<\/div>\n\t\t\t\t<div class=\"elementor-element elementor-element-ac7c342 elementor-widget elementor-widget-text-editor\" data-id=\"ac7c342\" data-element_type=\"widget\" data-e-type=\"widget\" data-widget_type=\"text-editor.default\">\n\t\t\t\t<div class=\"elementor-widget-container\">\n\t\t\t\t\t\t\t\t\t<p>Apr\u00e8s avoir beaucoup explor\u00e9 et \u00e9tudi\u00e9 les styles et les m\u00e9diums, une de mes premi\u00e8res passions \u00e9tait la peinture du portrait. Les gens et les peintures d&rsquo;animaux en particulier. Voici quelques-uns des travaux j&rsquo;ai r\u00e9alis\u00e9.<\/p>\t\t\t\t\t\t\t\t<\/div>\n\t\t\t\t<\/div>\n\t\t\t\t\t<\/div>\n\t\t<\/div>\n\t\t\t\t\t<\/div>\n\t\t<\/section>\n\t\t\t\t<\/div>\n\t\t","protected":false},"excerpt":{"rendered":"<p>OEUVRES ABSTRAITS En tant qu&rsquo;artiste visuel, j&rsquo;ai explor\u00e9 divers m\u00e9diums et techniques. Le processus de peinture abstraite cr\u00e9e un dialogue stimulant entre sa surface et notre subconscient qui peut \u00eatre tr\u00e8s fort et d\u00e9concertant. Il y a en quelque sorte un d\u00e9licieux \u00e9l\u00e9ment de surprise lorsque l&rsquo;ensemble de l&rsquo;\u0153uvre atteint son \u00e9volution finale. URBAN*IT\u00c9 Mes [&hellip;]<\/p>\n","protected":false},"author":1,"featured_media":0,"parent":0,"menu_order":0,"comment_status":"closed","ping_status":"closed","template":"elementor_header_footer","meta":{"_uag_custom_page_level_css":"","site-sidebar-layout":"default","site-content-layout":"","ast-site-content-layout":"default","site-content-style":"default","site-sidebar-style":"default","ast-global-header-display":"","ast-banner-title-visibility":"","ast-main-header-display":"","ast-hfb-above-header-display":"","ast-hfb-below-header-display":"","ast-hfb-mobile-header-display":"","site-post-title":"","ast-breadcrumbs-content":"","ast-featured-img":"","footer-sml-layout":"","ast-disable-related-posts":"","theme-transparent-header-meta":"","adv-header-id-meta":"","stick-header-meta":"","header-above-stick-meta":"","header-main-stick-meta":"","header-below-stick-meta":"","astra-migrate-meta-layouts":"default","ast-page-background-enabled":"default","ast-page-background-meta":{"desktop":{"background-color":"","background-image":"","background-repeat":"repeat","background-position":"center center","background-size":"auto","background-attachment":"scroll","background-type":"","background-media":"","overlay-type":"","overlay-color":"","overlay-opacity":"","overlay-gradient":""},"tablet":{"background-color":"","background-image":"","background-repeat":"repeat","background-position":"center center","background-size":"auto","background-attachment":"scroll","background-type":"","background-media":"","overlay-type":"","overlay-color":"","overlay-opacity":"","overlay-gradient":""},"mobile":{"background-color":"","background-image":"","background-repeat":"repeat","background-position":"center center","background-size":"auto","background-attachment":"scroll","background-type":"","background-media":"","overlay-type":"","overlay-color":"","overlay-opacity":"","overlay-gradient":""}},"ast-content-background-meta":{"desktop":{"background-color":"var(--ast-global-color-5)","background-image":"","background-repeat":"repeat","background-position":"center center","background-size":"auto","background-attachment":"scroll","background-type":"","background-media":"","overlay-type":"","overlay-color":"","overlay-opacity":"","overlay-gradient":""},"tablet":{"background-color":"var(--ast-global-color-5)","background-image":"","background-repeat":"repeat","background-position":"center center","background-size":"auto","background-attachment":"scroll","background-type":"","background-media":"","overlay-type":"","overlay-color":"","overlay-opacity":"","overlay-gradient":""},"mobile":{"background-color":"var(--ast-global-color-5)","background-image":"","background-repeat":"repeat","background-position":"center center","background-size":"auto","background-attachment":"scroll","background-type":"","background-media":"","overlay-type":"","overlay-color":"","overlay-opacity":"","overlay-gradient":""}},"ngg_post_thumbnail":0,"footnotes":""},"class_list":["post-1046","page","type-page","status-publish","hentry"],"uagb_featured_image_src":{"full":false,"thumbnail":false,"medium":false,"medium_large":false,"large":false,"1536x1536":false,"2048x2048":false},"uagb_author_info":{"display_name":"Dan02","author_link":"https:\/\/danielledumas.com\/fr\/author\/dan02\/"},"uagb_comment_info":0,"uagb_excerpt":"OEUVRES ABSTRAITS En tant qu&rsquo;artiste visuel, j&rsquo;ai explor\u00e9 divers m\u00e9diums et techniques. Le processus de peinture abstraite cr\u00e9e un dialogue stimulant entre sa surface et notre subconscient qui peut \u00eatre tr\u00e8s fort et d\u00e9concertant. Il y a en quelque sorte un d\u00e9licieux \u00e9l\u00e9ment de surprise lorsque l&rsquo;ensemble de l&rsquo;\u0153uvre atteint son \u00e9volution finale. URBAN*IT\u00c9 Mes\u2026","_links":{"self":[{"href":"https:\/\/danielledumas.com\/fr\/wp-json\/wp\/v2\/pages\/1046","targetHints":{"allow":["GET"]}}],"collection":[{"href":"https:\/\/danielledumas.com\/fr\/wp-json\/wp\/v2\/pages"}],"about":[{"href":"https:\/\/danielledumas.com\/fr\/wp-json\/wp\/v2\/types\/page"}],"author":[{"embeddable":true,"href":"https:\/\/danielledumas.com\/fr\/wp-json\/wp\/v2\/users\/1"}],"replies":[{"embeddable":true,"href":"https:\/\/danielledumas.com\/fr\/wp-json\/wp\/v2\/comments?post=1046"}],"version-history":[{"count":18,"href":"https:\/\/danielledumas.com\/fr\/wp-json\/wp\/v2\/pages\/1046\/revisions"}],"predecessor-version":[{"id":1291,"href":"https:\/\/danielledumas.com\/fr\/wp-json\/wp\/v2\/pages\/1046\/revisions\/1291"}],"wp:attachment":[{"href":"https:\/\/danielledumas.com\/fr\/wp-json\/wp\/v2\/media?parent=1046"}],"curies":[{"name":"wp","href":"https:\/\/api.w.org\/{rel}","templated":true}]}}